{"id":30,"date":"2023-07-18T10:21:21","date_gmt":"2023-07-18T10:21:21","guid":{"rendered":"https:\/\/www.deli-home.com\/?page_id=30"},"modified":"2026-04-03T08:27:27","modified_gmt":"2026-04-03T08:27:27","slug":"sustainability","status":"publish","type":"page","link":"https:\/\/www.jewe.eu\/fr\/planete-societe\/","title":{"rendered":"Durabilit\u00e9"},"content":{"rendered":"<div class=\"wp-block-cover alignfull has-parallax\" style=\"min-height:700px;aspect-ratio:unset;\"><span aria-hidden=\"true\" class=\"wp-block-cover__background has-background-dim-100 has-background-dim wp-block-cover__gradient-background has-background-gradient\" style=\"background:linear-gradient(90deg,rgba(2,19,45,0.8) 0%,rgba(2,19,45,0.5) 37%,rgba(2,19,45,0) 98%)\"><\/span><div class=\"wp-block-cover__image-background wp-image-576 has-parallax\" style=\"background-position:50% 50%;background-image:url(https:\/\/www.deli-home.com\/wp-content\/uploads\/2023\/08\/shutterstock_2052590120.jpg)\"><\/div><div class=\"wp-block-cover__inner-container is-layout-flow wp-block-cover-is-layout-flow\">\n<div class=\"wp-block-group\"><div class=\"wp-block-group__inner-container is-layout-constrained wp-block-group-is-layout-constrained\">\n<div class=\"wp-block-columns is-layout-flex wp-container-core-columns-is-layout-1 wp-block-columns-is-layout-flex\">\n<div class=\"wp-block-column is-layout-flow wp-block-column-is-layout-flow\" style=\"flex-basis:50%\">\n<h1 class=\"wp-block-heading has-white-color has-text-color\">Durabilit\u00e9<\/h1>\n\n\n\n<p class=\"has-text-align-left has-white-color has-text-color has-medium-font-size\">Ensemble vers un avenir durable<\/p>\n<\/div>\n\n\n\n<div class=\"wp-block-column is-layout-flow wp-block-column-is-layout-flow\" style=\"flex-basis:50%\"><\/div>\n<\/div>\n<\/div><\/div>\n<\/div><\/div>\n\n\n\n<section class=\"wp-block-group\"><div class=\"wp-block-group__inner-container is-layout-constrained wp-block-group-is-layout-constrained\">\n<div class=\"wp-block-columns is-layout-flex wp-container-core-columns-is-layout-2 wp-block-columns-is-layout-flex\">\n<div class=\"wp-block-column is-layout-flow wp-block-column-is-layout-flow\" style=\"flex-basis:25%\"><\/div>\n\n\n\n<div class=\"wp-block-column is-layout-flow wp-block-column-is-layout-flow\" style=\"flex-basis:65%\">\n<p class=\"has-text-align-center has-text-color has-medium-font-size\" style=\"color:#2bb3eb\"><strong>EN SAVOIR PLUS SUR<\/strong><\/p>\n\n\n\n<h2 class=\"wp-block-heading has-text-align-center\">Nos responsabilit\u00e9s en mati\u00e8re environnementale, sociale et de gouvernance<\/h2>\n\n\n\n<p class=\"has-text-align-center\">En tant qu'entreprise internationale de grande envergure, nos activit\u00e9s ont des r\u00e9percussions sociales. Nous r\u00e9fl\u00e9chissons donc aux cons\u00e9quences de nos processus sur tous les sites de notre entreprise ; apr\u00e8s tout, la durabilit\u00e9 peut toujours \u00eatre am\u00e9lior\u00e9e. Consultez notre rapport ESG pour un r\u00e9sum\u00e9 complet de nos am\u00e9liorations et de nos activit\u00e9s dans le domaine du d\u00e9veloppement durable. Gardez \u00e9galement un \u0153il sur notre page d'actualit\u00e9s pour des mises \u00e0 jour interm\u00e9diaires sur nos projets.<\/p>\n\n\n\n<div class=\"wp-block-buttons is-content-justification-center is-layout-flex wp-container-core-buttons-is-layout-1 wp-block-buttons-is-layout-flex\">\n<div class=\"wp-block-button\"><a class=\"wp-block-button__link wp-element-button\" href=\"https:\/\/www.deli-home.com\/en\/esg-report\/\" target=\"_blank\" rel=\"noreferrer noopener\">Notre rapport ESG<\/a><\/div>\n\n\n\n<div class=\"wp-block-button is-style-outline is-style-outline--1\"><a class=\"wp-block-button__link wp-element-button\" href=\"https:\/\/www.deli-home.com\/certification\/\">Nos certifications<\/a><\/div>\n<\/div>\n<\/div>\n\n\n\n<div class=\"wp-block-column is-layout-flow wp-block-column-is-layout-flow\" style=\"flex-basis:25%\"><\/div>\n<\/div>\n<\/div><\/section>\n\n\n\n<div class=\"wp-block-group\"><div class=\"wp-block-group__inner-container is-layout-constrained wp-block-group-is-layout-constrained\">\n<div class=\"wp-block-media-text alignwide is-stacked-on-mobile\"><figure class=\"wp-block-media-text__media\"><img loading=\"lazy\" decoding=\"async\" width=\"1024\" height=\"683\" src=\"https:\/\/www.deli-home.com\/wp-content\/uploads\/2023\/08\/kazuend-19SC2oaVZW0-unsplash-1024x683.jpg\" alt=\"\" class=\"wp-image-552 size-full\" srcset=\"https:\/\/www.jewe.eu\/wp-content\/uploads\/2023\/08\/kazuend-19SC2oaVZW0-unsplash-1024x683.jpg 1024w, https:\/\/www.jewe.eu\/wp-content\/uploads\/2023\/08\/kazuend-19SC2oaVZW0-unsplash-300x200.jpg 300w, https:\/\/www.jewe.eu\/wp-content\/uploads\/2023\/08\/kazuend-19SC2oaVZW0-unsplash-768x512.jpg 768w, https:\/\/www.jewe.eu\/wp-content\/uploads\/2023\/08\/kazuend-19SC2oaVZW0-unsplash-1536x1024.jpg 1536w, https:\/\/www.jewe.eu\/wp-content\/uploads\/2023\/08\/kazuend-19SC2oaVZW0-unsplash-2048x1365.jpg 2048w, https:\/\/www.jewe.eu\/wp-content\/uploads\/2023\/08\/kazuend-19SC2oaVZW0-unsplash-scaled.jpg 2560w\" sizes=\"auto, (max-width: 1024px) 100vw, 1024px\" \/><\/figure><div class=\"wp-block-media-text__content\">\n<p class=\"has-text-color\" style=\"color:#2bb3eb\"><strong><strong>\u00c9VALUER ET AM\u00c9LIORER NOTRE IMPACT MONDIAL<\/strong><\/strong><\/p>\n\n\n\n<h2 class=\"wp-block-heading\">Notre promesse mondiale en mati\u00e8re d'environnement<\/h2>\n\n\n\n<p>En tant que grande soci\u00e9t\u00e9 internationale, nous savons que chacune de nos actions a un impact. Nous prenons tr\u00e8s au s\u00e9rieux nos responsabilit\u00e9s en cette mati\u00e8re et nous examinons continuellement les cons\u00e9quences environnementales de nos processus sur chacun de nos sites internationaux. Notre engagement en faveur du d\u00e9veloppement durable nous incite \u00e0 affiner sans cesse nos pratiques.<\/p>\n<\/div><\/div>\n<\/div><\/div>\n\n\n\n<div class=\"wp-block-group\"><div class=\"wp-block-group__inner-container is-layout-constrained wp-block-group-is-layout-constrained\">\n<div class=\"wp-block-media-text alignwide has-media-on-the-right is-stacked-on-mobile\"><div class=\"wp-block-media-text__content\">\n<p class=\"has-text-color\" style=\"color:#2bb3eb\"><strong><strong>ORIENTATION SOCIALE<\/strong><\/strong><\/p>\n\n\n\n<h2 class=\"wp-block-heading\">Engagement en faveur de la responsabilit\u00e9 sociale<\/h2>\n\n\n\n<p>Nous allons au-del\u00e0 des produits, en nous pr\u00e9occupant de la vie des gens. Nous prenons la responsabilit\u00e9 sociale au s\u00e9rieux, en \u00e9valuant constamment notre impact sur le monde. Nous nous engageons profond\u00e9ment aupr\u00e8s des communaut\u00e9s auxquelles nous appartenons, en recherchant sans rel\u00e2che un changement social positif.<\/p>\n<\/div><figure class=\"wp-block-media-text__media\"><img loading=\"lazy\" decoding=\"async\" width=\"1024\" height=\"683\" src=\"https:\/\/www.deli-home.com\/wp-content\/uploads\/2023\/09\/shutterstock_389052964-1024x683.jpg\" alt=\"\" class=\"wp-image-1680 size-full\" srcset=\"https:\/\/www.jewe.eu\/wp-content\/uploads\/2023\/09\/shutterstock_389052964-1024x683.jpg 1024w, https:\/\/www.jewe.eu\/wp-content\/uploads\/2023\/09\/shutterstock_389052964-300x200.jpg 300w, https:\/\/www.jewe.eu\/wp-content\/uploads\/2023\/09\/shutterstock_389052964-768x512.jpg 768w, https:\/\/www.jewe.eu\/wp-content\/uploads\/2023\/09\/shutterstock_389052964-1536x1024.jpg 1536w, https:\/\/www.jewe.eu\/wp-content\/uploads\/2023\/09\/shutterstock_389052964-2048x1365.jpg 2048w, https:\/\/www.jewe.eu\/wp-content\/uploads\/2023\/09\/shutterstock_389052964-18x12.jpg 18w, https:\/\/www.jewe.eu\/wp-content\/uploads\/2023\/09\/shutterstock_389052964-scaled.jpg 2560w\" sizes=\"auto, (max-width: 1024px) 100vw, 1024px\" \/><\/figure><\/div>\n<\/div><\/div>\n\n\n\n<div class=\"wp-block-group\"><div class=\"wp-block-group__inner-container is-layout-constrained wp-block-group-is-layout-constrained\">\n<div class=\"wp-block-group\"><div class=\"wp-block-group__inner-container is-layout-constrained wp-block-group-is-layout-constrained\">\n<div class=\"wp-block-media-text alignwide is-stacked-on-mobile\"><figure class=\"wp-block-media-text__media\"><img loading=\"lazy\" decoding=\"async\" width=\"1024\" height=\"682\" src=\"https:\/\/www.deli-home.com\/wp-content\/uploads\/2024\/07\/governance-1024x682.jpg\" alt=\"\" class=\"wp-image-6367 size-full\" srcset=\"https:\/\/www.jewe.eu\/wp-content\/uploads\/2024\/07\/governance-1024x682.jpg 1024w, https:\/\/www.jewe.eu\/wp-content\/uploads\/2024\/07\/governance-300x200.jpg 300w, https:\/\/www.jewe.eu\/wp-content\/uploads\/2024\/07\/governance-768x512.jpg 768w, https:\/\/www.jewe.eu\/wp-content\/uploads\/2024\/07\/governance-1536x1023.jpg 1536w, https:\/\/www.jewe.eu\/wp-content\/uploads\/2024\/07\/governance-2048x1364.jpg 2048w, https:\/\/www.jewe.eu\/wp-content\/uploads\/2024\/07\/governance-18x12.jpg 18w, https:\/\/www.jewe.eu\/wp-content\/uploads\/2024\/07\/governance-scaled.jpg 2560w\" sizes=\"auto, (max-width: 1024px) 100vw, 1024px\" \/><\/figure><div class=\"wp-block-media-text__content\">\n<p class=\"has-text-color\" style=\"color:#2bb3eb\"><strong><strong>GOUVERNANCE<\/strong><\/strong><\/p>\n\n\n\n<h2 class=\"wp-block-heading\">Des progr\u00e8s guid\u00e9s, ancr\u00e9s dans l'\u00e9thique<\/h2>\n\n\n\n<p>Notre engagement transcende nos produits et s'\u00e9tend \u00e0 la vie des gens. Nous assumons nos responsabilit\u00e9s soci\u00e9tales en analysant m\u00e9ticuleusement la mani\u00e8re dont nos actions impactent le monde. Qu'il s'agisse d'assurer l'inclusion sur les lieux de travail ou de soutenir les communaut\u00e9s locales, nous nous effor\u00e7ons sans cesse d'avoir un impact soci\u00e9tal positif.<\/p>\n<\/div><\/div>\n<\/div><\/div>\n<\/div><\/div>\n\n\n\n<div class=\"wp-block-group alignfull has-background\" style=\"background:linear-gradient(160deg,rgba(18,112,166,0.09) 0%,rgba(255,255,255,0) 99%)\"><div class=\"wp-block-group__inner-container is-layout-constrained wp-block-group-is-layout-constrained\">\n<div class=\"wp-block-group\"><div class=\"wp-block-group__inner-container is-layout-constrained wp-block-group-is-layout-constrained\">\n<p class=\"has-text-align-center\">D\u00e9couvrez notre parcours en lisant notre rapport annuel ESG d\u00e9taill\u00e9 et, pour ne pas manquer les derni\u00e8res nouvelles concernant nos projets en cours, allez voir notre page de nouvelles.<\/p>\n\n\n\n<div class=\"wp-block-buttons is-content-justification-center is-layout-flex wp-container-core-buttons-is-layout-2 wp-block-buttons-is-layout-flex\">\n<div class=\"wp-block-button\"><a class=\"wp-block-button__link wp-element-button\" href=\"https:\/\/www.deli-home.com\/en\/esg-report\/\" target=\"_blank\" rel=\"noreferrer noopener\">Rapport ESG annuel<\/a><\/div>\n\n\n\n<div class=\"wp-block-button is-style-outline is-style-outline--2\"><a class=\"wp-block-button__link wp-element-button\" href=\"https:\/\/www.deli-home.com\/news\/\">Lisez nos actualit\u00e9s<\/a><\/div>\n<\/div>\n<\/div><\/div>\n<\/div><\/div>\n\n\n\n<div class=\"wp-block-group\"><div class=\"wp-block-group__inner-container is-layout-constrained wp-block-group-is-layout-constrained\">\n<div class=\"wp-block-columns is-layout-flex wp-container-core-columns-is-layout-3 wp-block-columns-is-layout-flex\">\n<div class=\"wp-block-column is-layout-flow wp-block-column-is-layout-flow\">\n<figure class=\"wp-block-embed is-type-video is-provider-youtube wp-block-embed-youtube wp-embed-aspect-16-9 wp-has-aspect-ratio\"><div class=\"wp-block-embed__wrapper\">\n<iframe loading=\"lazy\" title=\"Why the FSC label matters for forests, people, and wildlife\" width=\"500\" height=\"281\" src=\"https:\/\/www.youtube.com\/embed\/kCme9OmdkuE?start=2&feature=oembed\" frameborder=\"0\" allow=\"accelerometer; autoplay; clipboard-write; encrypted-media; gyroscope; picture-in-picture; web-share\" referrerpolicy=\"strict-origin-when-cross-origin\" allowfullscreen><\/iframe>\n<\/div><\/figure>\n<\/div>\n\n\n\n<div class=\"wp-block-column is-layout-flow wp-block-column-is-layout-flow\">\n<p class=\"has-text-color\" style=\"color:#2bb3eb\"><strong>CERTIFICATION<\/strong><\/p>\n\n\n\n<h2 class=\"wp-block-heading\">Pionnier du d\u00e9veloppement durable, l'excellence certifi\u00e9e<\/h2>\n\n\n\n<p>La durabilit\u00e9 est tiss\u00e9e dans nos processus depuis des ann\u00e9es. Nous utilisons exclusivement du bois produit de mani\u00e8re \u00e9thique dans des for\u00eats \u00e0 gestion durable et nous respectons les r\u00e9glementations les plus rigoureuses. Nos certifications FSC\u00ae et PEFC, que nous partageons avec nos fournisseurs de confiance, t\u00e9moignent de notre engagement ind\u00e9fectible envers l'utilisation de bois certifi\u00e9. M\u00eame lorsque nous pourrons obtenir 100 % de bois certifi\u00e9, nous poursuivrons notre d\u00e9vouement et nos efforts afin d'utiliser le bois durable en tant que mati\u00e8re premi\u00e8re.<\/p>\n<\/div>\n<\/div>\n<\/div><\/div>\n\n\n\n<div class=\"wp-block-group\"><div class=\"wp-block-group__inner-container is-layout-constrained wp-block-group-is-layout-constrained\">\n<p class=\"has-text-color\" style=\"color:#2bb3eb\"><strong>RAPPORT ANNUEL ESG<\/strong><\/p>\n\n\n\n<h2 class=\"wp-block-heading\">D\u00e9voiler notre parcours<\/h2>\n\n\n\n<p class=\" translation-block\">Chaque ann\u00e9e, nous publions les r\u00e9sultats de notre politique ESG dans notre rapport annuel. Voulez-vous en savoir plus sur nos efforts en faveur de la durabilit\u00e9 et de la responsabilit\u00e9 soci\u00e9tale ? Plongez-vous dans notre rapport d\u00e9taill\u00e9 qui d\u00e9crit notre engagement ind\u00e9fectible envers un avenir plus brillant et plus vert.<\/p>\n<\/div><\/div>\n\n\n\n<p><\/p>","protected":false},"excerpt":{"rendered":"<p>LEARN MORE ON Our responsibilities on Environment, Social and Governance As a large-scale international company, our activities have social effects. So we reflect on the consequences our processes have at all our company locations; after all, sustainability can always be improved. View our ESG report for a full summary of our improvements and activities in [&hellip;]<\/p>","protected":false},"author":4,"featured_media":0,"parent":0,"menu_order":40,"comment_status":"closed","ping_status":"closed","template":"","meta":{"_acf_changed":false,"inline_featured_image":false,"footnotes":""},"class_list":["post-30","page","type-page","status-publish","hentry"],"acf":[],"yoast_head":"<!-- This site is optimized with the Yoast SEO plugin v26.4 - https:\/\/yoast.com\/wordpress\/plugins\/seo\/ -->\n<title>Sustainability - Deli Home<\/title>\n<meta name=\"description\" content=\"Sustainability is a top priority for us. Read more about our CSR policy and how we practice responsible business.\" \/>\n<meta name=\"robots\" content=\"index, follow, max-snippet:-1, max-image-preview:large, max-video-preview:-1\" \/>\n<link rel=\"canonical\" href=\"https:\/\/www.jewe.eu\/fr\/wp-json\/wp\/v2\/pages\/30\/\" \/>\n<meta property=\"og:locale\" content=\"fr_FR\" \/>\n<meta property=\"og:type\" content=\"article\" \/>\n<meta property=\"og:title\" content=\"Sustainability - Deli Home\" \/>\n<meta property=\"og:description\" content=\"Sustainability is a top priority for us. Read more about our CSR policy and how we practice responsible business.\" \/>\n<meta property=\"og:url\" content=\"https:\/\/www.jewe.eu\/fr\/wp-json\/wp\/v2\/pages\/30\/\" \/>\n<meta property=\"og:site_name\" content=\"Deli Home\" \/>\n<meta property=\"article:modified_time\" content=\"2026-04-03T08:27:27+00:00\" \/>\n<meta property=\"og:image\" content=\"https:\/\/www.deli-home.com\/wp-content\/uploads\/2023\/08\/kazuend-19SC2oaVZW0-unsplash-1024x683.jpg\" \/>\n<script type=\"application\/ld+json\" class=\"yoast-schema-graph\">{\"@context\":\"https:\/\/schema.org\",\"@graph\":[{\"@type\":\"WebPage\",\"@id\":\"https:\/\/www.homeprovy.pl\/en\/sustainability\/\",\"url\":\"https:\/\/www.homeprovy.pl\/en\/sustainability\/\",\"name\":\"Sustainability - Deli Home\",\"isPartOf\":{\"@id\":\"https:\/\/www.deli-home.com\/en\/#website\"},\"primaryImageOfPage\":{\"@id\":\"https:\/\/www.homeprovy.pl\/en\/sustainability\/#primaryimage\"},\"image\":{\"@id\":\"https:\/\/www.homeprovy.pl\/en\/sustainability\/#primaryimage\"},\"thumbnailUrl\":\"https:\/\/www.deli-home.com\/wp-content\/uploads\/2023\/08\/kazuend-19SC2oaVZW0-unsplash-1024x683.jpg\",\"datePublished\":\"2023-07-18T10:21:21+00:00\",\"dateModified\":\"2026-04-03T08:27:27+00:00\",\"description\":\"Sustainability is a top priority for us. Read more about our CSR policy and how we practice responsible business.\",\"breadcrumb\":{\"@id\":\"https:\/\/www.homeprovy.pl\/en\/sustainability\/#breadcrumb\"},\"inLanguage\":\"fr-FR\",\"potentialAction\":[{\"@type\":\"ReadAction\",\"target\":[\"https:\/\/www.homeprovy.pl\/en\/sustainability\/\"]}]},{\"@type\":\"ImageObject\",\"inLanguage\":\"fr-FR\",\"@id\":\"https:\/\/www.homeprovy.pl\/en\/sustainability\/#primaryimage\",\"url\":\"https:\/\/www.deli-home.com\/wp-content\/uploads\/2023\/08\/kazuend-19SC2oaVZW0-unsplash-1024x683.jpg\",\"contentUrl\":\"https:\/\/www.deli-home.com\/wp-content\/uploads\/2023\/08\/kazuend-19SC2oaVZW0-unsplash-1024x683.jpg\"},{\"@type\":\"BreadcrumbList\",\"@id\":\"https:\/\/www.homeprovy.pl\/en\/sustainability\/#breadcrumb\",\"itemListElement\":[{\"@type\":\"ListItem\",\"position\":1,\"name\":\"Home\",\"item\":\"https:\/\/www.deli-home.com\/en\/\"},{\"@type\":\"ListItem\",\"position\":2,\"name\":\"Sustainability\"}]},{\"@type\":\"WebSite\",\"@id\":\"https:\/\/www.deli-home.com\/en\/#website\",\"url\":\"https:\/\/www.deli-home.com\/en\/\",\"name\":\"Deli Home\",\"description\":\"\",\"publisher\":{\"@id\":\"https:\/\/www.deli-home.com\/en\/#organization\"},\"potentialAction\":[{\"@type\":\"SearchAction\",\"target\":{\"@type\":\"EntryPoint\",\"urlTemplate\":\"https:\/\/www.deli-home.com\/en\/?s={search_term_string}\"},\"query-input\":{\"@type\":\"PropertyValueSpecification\",\"valueRequired\":true,\"valueName\":\"search_term_string\"}}],\"inLanguage\":\"fr-FR\"},{\"@type\":\"Organization\",\"@id\":\"https:\/\/www.deli-home.com\/en\/#organization\",\"name\":\"Deli Home\",\"url\":\"https:\/\/www.deli-home.com\/en\/\",\"logo\":{\"@type\":\"ImageObject\",\"inLanguage\":\"fr-FR\",\"@id\":\"https:\/\/www.deli-home.com\/en\/#\/schema\/logo\/image\/\",\"url\":\"https:\/\/www.deli-home.com\/wp-content\/uploads\/2023\/09\/favicon.png\",\"contentUrl\":\"https:\/\/www.deli-home.com\/wp-content\/uploads\/2023\/09\/favicon.png\",\"width\":500,\"height\":500,\"caption\":\"Deli Home\"},\"image\":{\"@id\":\"https:\/\/www.deli-home.com\/en\/#\/schema\/logo\/image\/\"},\"sameAs\":[\"https:\/\/www.linkedin.com\/company\/deli-home\/\"]}]}<\/script>\n<!-- \/ Yoast SEO plugin. -->","yoast_head_json":{"title":"Sustainability - Deli Home","description":"Sustainability is a top priority for us. Read more about our CSR policy and how we practice responsible business.","robots":{"index":"index","follow":"follow","max-snippet":"max-snippet:-1","max-image-preview":"max-image-preview:large","max-video-preview":"max-video-preview:-1"},"canonical":"https:\/\/www.jewe.eu\/fr\/wp-json\/wp\/v2\/pages\/30\/","og_locale":"fr_FR","og_type":"article","og_title":"Sustainability - Deli Home","og_description":"Sustainability is a top priority for us. Read more about our CSR policy and how we practice responsible business.","og_url":"https:\/\/www.jewe.eu\/fr\/wp-json\/wp\/v2\/pages\/30\/","og_site_name":"Deli Home","article_modified_time":"2026-04-03T08:27:27+00:00","og_image":[{"url":"https:\/\/www.deli-home.com\/wp-content\/uploads\/2023\/08\/kazuend-19SC2oaVZW0-unsplash-1024x683.jpg","type":"","width":"","height":""}],"schema":{"@context":"https:\/\/schema.org","@graph":[{"@type":"WebPage","@id":"https:\/\/www.homeprovy.pl\/en\/sustainability\/","url":"https:\/\/www.homeprovy.pl\/en\/sustainability\/","name":"Sustainability - Deli Home","isPartOf":{"@id":"https:\/\/www.deli-home.com\/en\/#website"},"primaryImageOfPage":{"@id":"https:\/\/www.homeprovy.pl\/en\/sustainability\/#primaryimage"},"image":{"@id":"https:\/\/www.homeprovy.pl\/en\/sustainability\/#primaryimage"},"thumbnailUrl":"https:\/\/www.deli-home.com\/wp-content\/uploads\/2023\/08\/kazuend-19SC2oaVZW0-unsplash-1024x683.jpg","datePublished":"2023-07-18T10:21:21+00:00","dateModified":"2026-04-03T08:27:27+00:00","description":"Sustainability is a top priority for us. Read more about our CSR policy and how we practice responsible business.","breadcrumb":{"@id":"https:\/\/www.homeprovy.pl\/en\/sustainability\/#breadcrumb"},"inLanguage":"fr-FR","potentialAction":[{"@type":"ReadAction","target":["https:\/\/www.homeprovy.pl\/en\/sustainability\/"]}]},{"@type":"ImageObject","inLanguage":"fr-FR","@id":"https:\/\/www.homeprovy.pl\/en\/sustainability\/#primaryimage","url":"https:\/\/www.deli-home.com\/wp-content\/uploads\/2023\/08\/kazuend-19SC2oaVZW0-unsplash-1024x683.jpg","contentUrl":"https:\/\/www.deli-home.com\/wp-content\/uploads\/2023\/08\/kazuend-19SC2oaVZW0-unsplash-1024x683.jpg"},{"@type":"BreadcrumbList","@id":"https:\/\/www.homeprovy.pl\/en\/sustainability\/#breadcrumb","itemListElement":[{"@type":"ListItem","position":1,"name":"Home","item":"https:\/\/www.deli-home.com\/en\/"},{"@type":"ListItem","position":2,"name":"Sustainability"}]},{"@type":"WebSite","@id":"https:\/\/www.deli-home.com\/en\/#website","url":"https:\/\/www.deli-home.com\/en\/","name":"Deli Home","description":"","publisher":{"@id":"https:\/\/www.deli-home.com\/en\/#organization"},"potentialAction":[{"@type":"SearchAction","target":{"@type":"EntryPoint","urlTemplate":"https:\/\/www.deli-home.com\/en\/?s={search_term_string}"},"query-input":{"@type":"PropertyValueSpecification","valueRequired":true,"valueName":"search_term_string"}}],"inLanguage":"fr-FR"},{"@type":"Organization","@id":"https:\/\/www.deli-home.com\/en\/#organization","name":"Deli Home","url":"https:\/\/www.deli-home.com\/en\/","logo":{"@type":"ImageObject","inLanguage":"fr-FR","@id":"https:\/\/www.deli-home.com\/en\/#\/schema\/logo\/image\/","url":"https:\/\/www.deli-home.com\/wp-content\/uploads\/2023\/09\/favicon.png","contentUrl":"https:\/\/www.deli-home.com\/wp-content\/uploads\/2023\/09\/favicon.png","width":500,"height":500,"caption":"Deli Home"},"image":{"@id":"https:\/\/www.deli-home.com\/en\/#\/schema\/logo\/image\/"},"sameAs":["https:\/\/www.linkedin.com\/company\/deli-home\/"]}]}},"_links":{"self":[{"href":"https:\/\/www.jewe.eu\/fr\/wp-json\/wp\/v2\/pages\/30","targetHints":{"allow":["GET"]}}],"collection":[{"href":"https:\/\/www.jewe.eu\/fr\/wp-json\/wp\/v2\/pages"}],"about":[{"href":"https:\/\/www.jewe.eu\/fr\/wp-json\/wp\/v2\/types\/page"}],"author":[{"embeddable":true,"href":"https:\/\/www.jewe.eu\/fr\/wp-json\/wp\/v2\/users\/4"}],"replies":[{"embeddable":true,"href":"https:\/\/www.jewe.eu\/fr\/wp-json\/wp\/v2\/comments?post=30"}],"version-history":[{"count":47,"href":"https:\/\/www.jewe.eu\/fr\/wp-json\/wp\/v2\/pages\/30\/revisions"}],"predecessor-version":[{"id":8185,"href":"https:\/\/www.jewe.eu\/fr\/wp-json\/wp\/v2\/pages\/30\/revisions\/8185"}],"wp:attachment":[{"href":"https:\/\/www.jewe.eu\/fr\/wp-json\/wp\/v2\/media?parent=30"}],"curies":[{"name":"wp","href":"https:\/\/api.w.org\/{rel}","templated":true}]}}