{"id":34,"date":"2023-07-18T10:21:44","date_gmt":"2023-07-18T10:21:44","guid":{"rendered":"https:\/\/www.deli-home.com\/?page_id=34"},"modified":"2025-04-10T15:16:36","modified_gmt":"2025-04-10T15:16:36","slug":"news","status":"publish","type":"page","link":"https:\/\/www.jewe.eu\/fr\/actualites\/","title":{"rendered":"Actualit\u00e9s"},"content":{"rendered":"<div class=\"wp-block-cover alignfull has-parallax\" style=\"min-height:700px;aspect-ratio:unset;\"><span aria-hidden=\"true\" class=\"wp-block-cover__background has-background-dim-80 has-background-dim wp-block-cover__gradient-background has-background-gradient\" style=\"background:linear-gradient(90deg,rgba(2,19,45,0.8) 0%,rgba(2,19,45,0.5) 37%,rgba(2,19,45,0) 98%)\"><\/span><div role=\"img\" class=\"wp-block-cover__image-background wp-image-6514 has-parallax\" style=\"background-position:50% 50%;background-image:url(https:\/\/www.deli-home.com\/wp-content\/uploads\/2024\/10\/nieuws-1.png)\"><\/div><div class=\"wp-block-cover__inner-container is-layout-flow wp-block-cover-is-layout-flow\">\n<div class=\"wp-block-group\"><div class=\"wp-block-group__inner-container is-layout-constrained wp-block-group-is-layout-constrained\">\n<div class=\"wp-block-columns is-layout-flex wp-container-core-columns-is-layout-1 wp-block-columns-is-layout-flex\">\n<div class=\"wp-block-column is-layout-flow wp-block-column-is-layout-flow\" style=\"flex-basis:50%\">\n<h1 class=\"wp-block-heading has-white-color has-text-color\">Actualit\u00e9s<\/h1>\n\n\n\n<p class=\"has-text-align-left has-white-color has-text-color has-medium-font-size\">Dans un segment de march\u00e9 qui se d\u00e9veloppe rapidement, nous avons besoin d'une structure d'entreprise dynamique qui puisse suivre ce rythme. C'est pourquoi les nouvelles les plus r\u00e9centes sont pr\u00e9sent\u00e9es ci-dessous.<\/p>\n<\/div>\n\n\n\n<div class=\"wp-block-column is-layout-flow wp-block-column-is-layout-flow\" style=\"flex-basis:50%\"><\/div>\n<\/div>\n<\/div><\/div>\n<\/div><\/div>\n\n\n\n<section class=\"wp-block-group\"><div class=\"wp-block-group__inner-container is-layout-constrained wp-block-group-is-layout-constrained\">\n<div class=\"wp-block-columns is-layout-flex wp-container-core-columns-is-layout-2 wp-block-columns-is-layout-flex\">\n<div class=\"wp-block-column is-layout-flow wp-block-column-is-layout-flow\" style=\"flex-basis:15%\"><\/div>\n\n\n\n<div class=\"wp-block-column is-layout-flow wp-block-column-is-layout-flow\" style=\"flex-basis:70%\">\n<p class=\"has-text-align-center has-text-color has-medium-font-size\" style=\"color:#2bb3eb\"><strong><strong>RESTEZ INFORM\u00c9S<\/strong><\/strong><\/p>\n\n\n\n<h2 class=\"wp-block-heading has-text-align-center\">Lisez nos actualit\u00e9s<\/h2>\n\n\n\n<p class=\"has-text-align-center\">Communiqu\u00e9s de presse sur la marque et les activit\u00e9s de Deli Home, y compris notre programme de d\u00e9veloppement durable pour les personnes et la plan\u00e8te, ainsi que des nouvelles sur les collaborations avec les d\u00e9taillants, les entreprises et les design.<\/p>\n<\/div>\n\n\n\n<div class=\"wp-block-column is-layout-flow wp-block-column-is-layout-flow\" style=\"flex-basis:15%\"><\/div>\n<\/div>\n<\/div><\/section>\n\n\n        \n                <div id=\"_posts_grid-3-180\" class='oxy-easy-posts oxy-posts-grid' >\n                    <div class='oxy-posts'>\n                 <div class=\"oxy-post\">\n  \n    <a class=\"oxy-post-image\" href=\"https:\/\/www.jewe.eu\/fr\/deli-home-is-b-corp-certified\/\">\n      <div class=\"oxy-post-image-fixed-ratio\" style=\"background-image: url(https:\/\/www.jewe.eu\/wp-content\/uploads\/2026\/03\/B_Corp_Deli_Home-proud_to_be.jpg);\">\n      <\/div>\n\t<\/a>\n\t\n  \t  <div class=\"oxy-post-image-date-overlay\">\n\t\t10 mars, 2026\t  <\/div>\n\t\n\t<a class=\"oxy-post-title\" href=\"https:\/\/www.jewe.eu\/fr\/deli-home-is-b-corp-certified\/\">Deli Home est certifi\u00e9e B Corp<\/a>\n\n\n\t<div class=\"oxy-post-content\">\n\t\t<p>C\u2019est avec fiert\u00e9 que Deli Home annonce \u00eatre officiellement devenue une Certified B Corporation\u2122. En tant que fabricant et distributeur europ\u00e9en de premier plan de d\u00e9coration int\u00e9rieure, de portes et de mat\u00e9riaux de construction en bois, Deli Home vise \u00e0 faciliter pour tous l\u2019am\u00e9nagement sur mesure des maisons. Apr\u00e8s pratiquement deux ans d\u2019\u00e9valuation intense, la certification, attribu\u00e9e par B Lab\u2122, reconna\u00eet l\u2019engagement de Deli Home \u00e0 respecter des normes \u00e9lev\u00e9es en mati\u00e8re de performances sociales, environnementales et de gouvernance dans l\u2019ensemble de ses activit\u00e9s.<\/p>\n\t\t\n\t<\/div>\n\n\t<a href=\"https:\/\/www.jewe.eu\/fr\/deli-home-is-b-corp-certified\/\" class=\"oxy-read-more\">Lisez plus<\/a>\n\n<\/div> <div class=\"oxy-post\">\n  \n    <a class=\"oxy-post-image\" href=\"https:\/\/www.jewe.eu\/fr\/deli-home-appoints-victoria-van-keulen-as-marketing-digital-director\/\">\n      <div class=\"oxy-post-image-fixed-ratio\" style=\"background-image: url(https:\/\/www.jewe.eu\/wp-content\/uploads\/2026\/02\/Victoria_van_Keulen_2-scaled.jpg);\">\n      <\/div>\n\t<\/a>\n\t\n  \t  <div class=\"oxy-post-image-date-overlay\">\n\t\t9 f\u00e9vrier, 2026\t  <\/div>\n\t\n\t<a class=\"oxy-post-title\" href=\"https:\/\/www.jewe.eu\/fr\/deli-home-appoints-victoria-van-keulen-as-marketing-digital-director\/\">Deli Home nomme Victoria van Keulen Directrice Marketing &amp; Digitale<\/a>\n\n\n\t<div class=\"oxy-post-content\">\n\t\t<p>Deli Home annonce la nomination de Victoria van Keulen au poste de Marketing &amp; Digital Director. Deli Home est un fabricant et distributeur de premier plan de concepts d\u2019int\u00e9rieur, de portes et de mat\u00e9riaux de construction \u00e0 base de bois, destin\u00e9s \u00e0 l\u2019am\u00e9lioration durable et \u00e0 la r\u00e9novation des habitations. Deli Home commercialise des marques connues telles que Weekamp Deuren, CanDo, Skantrae, Lundia, Allure et Bruynzeel, et est actif dans 10 pays europ\u00e9ens.<\/p>\n\t\t\n\t<\/div>\n\n\t<a href=\"https:\/\/www.jewe.eu\/fr\/deli-home-appoints-victoria-van-keulen-as-marketing-digital-director\/\" class=\"oxy-read-more\">Lisez plus<\/a>\n\n<\/div> <div class=\"oxy-post\">\n  \n    <a class=\"oxy-post-image\" href=\"https:\/\/www.jewe.eu\/fr\/deli-home-strengthens-leadership-team\/\">\n      <div class=\"oxy-post-image-fixed-ratio\" style=\"background-image: url(https:\/\/www.jewe.eu\/wp-content\/uploads\/2025\/09\/Roze-Elegant-Bakkerij-Brood-Marketing-Voorstel-Presentatie.jpg);\">\n      <\/div>\n\t<\/a>\n\t\n  \t  <div class=\"oxy-post-image-date-overlay\">\n\t\t17 septembre, 2025\t  <\/div>\n\t\n\t<a class=\"oxy-post-title\" href=\"https:\/\/www.jewe.eu\/fr\/deli-home-strengthens-leadership-team\/\">Deli Home renforce son \u00e9quipe de direction<\/a>\n\n\n\t<div class=\"oxy-post-content\">\n\t\t<p>Deli Home a le plaisir d\u2019annoncer plusieurs nominations \u00e0 des postes de direction cl\u00e9s et une structure organisationnelle optimis\u00e9e, marquant ainsi une \u00e9tape importante dans son parcours de croissance internationale.<\/p>\n\t\t\n\t<\/div>\n\n\t<a href=\"https:\/\/www.jewe.eu\/fr\/deli-home-strengthens-leadership-team\/\" class=\"oxy-read-more\">Lisez plus<\/a>\n\n<\/div> <div class=\"oxy-post\">\n  \n    <a class=\"oxy-post-image\" href=\"https:\/\/www.jewe.eu\/fr\/deli-home-speeds-up-the-transition-to-sustainable-building-with-100-certified-wood\/\">\n      <div class=\"oxy-post-image-fixed-ratio\" style=\"background-image: url(https:\/\/www.jewe.eu\/wp-content\/uploads\/2024\/11\/Erik_Meijerink__Eugene_Sterken-scaled.jpg);\">\n      <\/div>\n\t<\/a>\n\t\n  \t  <div class=\"oxy-post-image-date-overlay\">\n\t\t10 juin, 2025\t  <\/div>\n\t\n\t<a class=\"oxy-post-title\" href=\"https:\/\/www.jewe.eu\/fr\/deli-home-speeds-up-the-transition-to-sustainable-building-with-100-certified-wood\/\">Deli Home speeds up the transition to sustainable building with certified wood at its core.<\/a>\n\n\n\t<div class=\"oxy-post-content\">\n\t\t<p>An important sustainability milestone with FSC\u00ae and PEFC-certified assortment from Deli Home in Europe Deli Home, the leading manufacturer and distributor of sustainable, wood-based building materials, decorative interior concepts and doors for home improvement and renovation, has reached an important milestone: its complete assortment in Europe now exclusively consists of FSC\u00ae and PEFC-certified wood. By [&hellip;]<\/p>\n\t\t\n\t<\/div>\n\n\t<a href=\"https:\/\/www.jewe.eu\/fr\/deli-home-speeds-up-the-transition-to-sustainable-building-with-100-certified-wood\/\" class=\"oxy-read-more\">Lisez plus<\/a>\n\n<\/div> <div class=\"oxy-post\">\n  \n    <a class=\"oxy-post-image\" href=\"https:\/\/www.jewe.eu\/fr\/deli-home-strengthens-its-european-position-by-the-envisaged-acquisition-of-kgm-in-germany\/\">\n      <div class=\"oxy-post-image-fixed-ratio\" style=\"background-image: url(https:\/\/www.jewe.eu\/wp-content\/uploads\/2025\/04\/KGM_Productbeeld-1-e1744301172556.jpg);\">\n      <\/div>\n\t<\/a>\n\t\n  \t  <div class=\"oxy-post-image-date-overlay\">\n\t\t10 avril, 2025\t  <\/div>\n\t\n\t<a class=\"oxy-post-title\" href=\"https:\/\/www.jewe.eu\/fr\/deli-home-strengthens-its-european-position-by-the-envisaged-acquisition-of-kgm-in-germany\/\">Deli Home renforce sa position europ\u00e9enne par l'acquisition pr\u00e9vue de KGM en Allemagne<\/a>\n\n\n\t<div class=\"oxy-post-content\">\n\t\t<p>Deli Home, le principal producteur et distributeur de produits d'am\u00e9lioration de l'habitat \u00e0 base de bois, renforce sa position en Europe par l'acquisition pr\u00e9vue de Karl G. Miller Holding GmbH &amp; Co. KG (KGM) en Allemagne. KGM est un fabricant et distributeur de plinthes et profil\u00e9s en bois de haute qualit\u00e9 pour l\u2019embellissement et la r\u00e9novation d\u2019habitations. Les clients de KGM sont des grossistes sp\u00e9cialis\u00e9s, des acteurs de l'industrie des portes et des meubles, ainsi que des grandes enseignes de bricolage en Allemagne. Cette acquisition permettra \u00e0 Deli Home d'acc\u00e9l\u00e9rer sa croissance sur le march\u00e9 allemand tout en augmentant son offre de produits pour ses clients europ\u00e9ens.<\/p>\n\t\t\n\t<\/div>\n\n\t<a href=\"https:\/\/www.jewe.eu\/fr\/deli-home-strengthens-its-european-position-by-the-envisaged-acquisition-of-kgm-in-germany\/\" class=\"oxy-read-more\">Lisez plus<\/a>\n\n<\/div> <div class=\"oxy-post\">\n  \n    <a class=\"oxy-post-image\" href=\"https:\/\/www.jewe.eu\/fr\/deli-home-is-expanding-its-benelux-position-in-the-production-and-distribution-of-sustainable-wooden-building-materials\/\">\n      <div class=\"oxy-post-image-fixed-ratio\" style=\"background-image: url(https:\/\/www.jewe.eu\/wp-content\/uploads\/2025\/02\/Deli-Home-vergroot-haar-positie-in-de-productie-en-distributie-van-duurzame-houten-bouwmaterialen_2-1.jpg);\">\n      <\/div>\n\t<\/a>\n\t\n  \t  <div class=\"oxy-post-image-date-overlay\">\n\t\t25 f\u00e9vrier, 2025\t  <\/div>\n\t\n\t<a class=\"oxy-post-title\" href=\"https:\/\/www.jewe.eu\/fr\/deli-home-is-expanding-its-benelux-position-in-the-production-and-distribution-of-sustainable-wooden-building-materials\/\">Deli Home renforce sa position au Benelux dans la production et la distribution de mat\u00e9riaux de construction en bois durables<\/a>\n\n\n\t<div class=\"oxy-post-content\">\n\t\t<p>Deli Home, Houtwerf et Distri-Hout unissent leurs forces au Benelux\nDeli Home, le principal fabricant et distributeur de mat\u00e9riaux de construction en bois, de concepts d\u2019int\u00e9rieur d\u00e9coratifs et de portes, a acquis une participation strat\u00e9gique de 50 % dans Houtwerf aux Pays-Bas et fusionnera ses activit\u00e9s belges avec Distri-Hout. Houtwerf et Distri-Hout approvisionnent les magasins de bricolage, les grossistes en mat\u00e9riaux de construction, les magasins sp\u00e9cialis\u00e9s et les entreprises du b\u00e2timent avec des mat\u00e9riaux de construction durables \u00e0 base de bois.<\/p>\n\t\t\n\t<\/div>\n\n\t<a href=\"https:\/\/www.jewe.eu\/fr\/deli-home-is-expanding-its-benelux-position-in-the-production-and-distribution-of-sustainable-wooden-building-materials\/\" class=\"oxy-read-more\">Lisez plus<\/a>\n\n<\/div> <div class=\"oxy-post\">\n  \n    <a class=\"oxy-post-image\" href=\"https:\/\/www.jewe.eu\/fr\/niels-boelema-appointed-as-sales-director-for-deli-home\/\">\n      <div class=\"oxy-post-image-fixed-ratio\" style=\"background-image: url(https:\/\/www.jewe.eu\/wp-content\/uploads\/2025\/02\/Naamloos.png);\">\n      <\/div>\n\t<\/a>\n\t\n  \t  <div class=\"oxy-post-image-date-overlay\">\n\t\t4 f\u00e9vrier, 2025\t  <\/div>\n\t\n\t<a class=\"oxy-post-title\" href=\"https:\/\/www.jewe.eu\/fr\/niels-boelema-appointed-as-sales-director-for-deli-home\/\">Niels Boelema nomm\u00e9 directeur des ventes de Deli Home<\/a>\n\n\n\t<div class=\"oxy-post-content\">\n\t\t<p>Deli Home a annonc\u00e9 aujourd'hui que Niels Boelema a pris ses fonctions de directeur des ventes pour les Pays-Bas \u00e0 partir du 1er f\u00e9vrier 2025.<\/p>\n\t\t\n\t<\/div>\n\n\t<a href=\"https:\/\/www.jewe.eu\/fr\/niels-boelema-appointed-as-sales-director-for-deli-home\/\" class=\"oxy-read-more\">Lisez plus<\/a>\n\n<\/div> <div class=\"oxy-post\">\n  \n    <a class=\"oxy-post-image\" href=\"https:\/\/www.jewe.eu\/fr\/discover-the-latest-product-innovations-from-skantrae-and-weekamp-deuren-at-the-bouwbeurs-2025\/\">\n      <div class=\"oxy-post-image-fixed-ratio\" style=\"background-image: url(https:\/\/www.jewe.eu\/wp-content\/uploads\/2025\/01\/1734602192738.jpg);\">\n      <\/div>\n\t<\/a>\n\t\n  \t  <div class=\"oxy-post-image-date-overlay\">\n\t\t17 janvier, 2025\t  <\/div>\n\t\n\t<a class=\"oxy-post-title\" href=\"https:\/\/www.jewe.eu\/fr\/discover-the-latest-product-innovations-from-skantrae-and-weekamp-deuren-at-the-bouwbeurs-2025\/\">D\u00e9couvrez les derni\u00e8res innovations de Skantrae et Weekamp Deuren au salon Bouwbeurs 2025<\/a>\n\n\n\t<div class=\"oxy-post-content\">\n\t\t<p>Lors du prochain salon Bouwbeurs 2025, Deli Home est fier de pr\u00e9senter les derni\u00e8res innovations de ses marques phares Skantrae et Weekamp Deuren. Les deux marques pr\u00e9senteront leurs derniers d\u00e9veloppements en mati\u00e8re de portes, parfaitement adapt\u00e9s aux besoins des professionnels du secteur de la construction.<\/p>\n\t\t\n\t<\/div>\n\n\t<a href=\"https:\/\/www.jewe.eu\/fr\/discover-the-latest-product-innovations-from-skantrae-and-weekamp-deuren-at-the-bouwbeurs-2025\/\" class=\"oxy-read-more\">Lisez plus<\/a>\n\n<\/div> <div class=\"oxy-post\">\n  \n    <a class=\"oxy-post-image\" href=\"https:\/\/www.jewe.eu\/fr\/executive-change-at-deli-home\/\">\n      <div class=\"oxy-post-image-fixed-ratio\" style=\"background-image: url(https:\/\/www.jewe.eu\/wp-content\/uploads\/2024\/12\/Victor_Aquina-en-Eugene_Sterken_.jpg);\">\n      <\/div>\n\t<\/a>\n\t\n  \t  <div class=\"oxy-post-image-date-overlay\">\n\t\t5 d\u00e9cembre, 2024\t  <\/div>\n\t\n\t<a class=\"oxy-post-title\" href=\"https:\/\/www.jewe.eu\/fr\/executive-change-at-deli-home\/\">Changement \u00e0 la direction de Deli Home<\/a>\n\n\n\t<div class=\"oxy-post-content\">\n\t\t<p>Eug\u00e8ne Sterken succ\u00e9dera \u00e0 Victor Aquina en tant que PDG. Apr\u00e8s six ans \u00e0 la t\u00eate de Deli Home, Victor Aquina passera le relais \u00e0 Eug\u00e8ne Sterken en tant que PDG, \u00e0 compter du 1er janvier 2025.<\/p>\n\t\t\n\t<\/div>\n\n\t<a href=\"https:\/\/www.jewe.eu\/fr\/executive-change-at-deli-home\/\" class=\"oxy-read-more\">Lisez plus<\/a>\n\n<\/div>            <\/div>\n                        <div class='oxy-easy-posts-pages'>\n                <span aria-current=\"page\" class=\"page-numbers current\">1<\/span>\n<a class=\"page-numbers\" href=\"https:\/\/www.jewe.eu\/fr\/wp-json\/wp\/v2\/pages\/34\/page\/2\/\">2<\/a>\n<a class=\"page-numbers\" href=\"https:\/\/www.jewe.eu\/fr\/wp-json\/wp\/v2\/pages\/34\/page\/3\/\">3<\/a>\n<a class=\"page-numbers\" href=\"https:\/\/www.jewe.eu\/fr\/wp-json\/wp\/v2\/pages\/34\/page\/4\/\">4<\/a>\n<a class=\"next page-numbers\" href=\"https:\/\/www.jewe.eu\/fr\/wp-json\/wp\/v2\/pages\/34\/page\/2\/\">Suivant\u00a0\u00bb<\/a>            <\/div>\n                            <\/div>","protected":false},"excerpt":{"rendered":"<p>STAY UPDATED Read our news News releases about the&nbsp;Deli Home brand and business, including our people and planet sustainability agenda and retail, corporate and design collaboration&nbsp;news<\/p>","protected":false},"author":4,"featured_media":0,"parent":0,"menu_order":60,"comment_status":"closed","ping_status":"closed","template":"","meta":{"_acf_changed":false,"inline_featured_image":false,"footnotes":""},"class_list":["post-34","page","type-page","status-publish","hentry"],"acf":[],"yoast_head":"<!-- This site is optimized with the Yoast SEO plugin v26.4 - https:\/\/yoast.com\/wordpress\/plugins\/seo\/ -->\n<title>News - Deli Home<\/title>\n<meta name=\"description\" content=\"Stay up to date with the latest news within Deli Home.\" \/>\n<meta name=\"robots\" content=\"index, follow, max-snippet:-1, max-image-preview:large, max-video-preview:-1\" \/>\n<link rel=\"canonical\" href=\"https:\/\/www.jewe.eu\/fr\/wp-json\/wp\/v2\/pages\/34\/\" \/>\n<meta property=\"og:locale\" content=\"fr_FR\" \/>\n<meta property=\"og:type\" content=\"article\" \/>\n<meta property=\"og:title\" content=\"News - Deli Home\" \/>\n<meta property=\"og:description\" content=\"Stay up to date with the latest news within Deli Home.\" \/>\n<meta property=\"og:url\" content=\"https:\/\/www.jewe.eu\/fr\/wp-json\/wp\/v2\/pages\/34\/\" \/>\n<meta property=\"og:site_name\" content=\"Deli Home\" \/>\n<meta property=\"article:modified_time\" content=\"2025-04-10T15:16:36+00:00\" \/>\n<script type=\"application\/ld+json\" class=\"yoast-schema-graph\">{\"@context\":\"https:\/\/schema.org\",\"@graph\":[{\"@type\":\"WebPage\",\"@id\":\"https:\/\/www.deli-home.com\/de\/nachrichten\/\",\"url\":\"https:\/\/www.deli-home.com\/de\/nachrichten\/\",\"name\":\"News - Deli Home\",\"isPartOf\":{\"@id\":\"https:\/\/www.deli-home.com\/en\/#website\"},\"datePublished\":\"2023-07-18T10:21:44+00:00\",\"dateModified\":\"2025-04-10T15:16:36+00:00\",\"description\":\"Stay up to date with the latest news within Deli Home.\",\"breadcrumb\":{\"@id\":\"https:\/\/www.deli-home.com\/de\/nachrichten\/#breadcrumb\"},\"inLanguage\":\"fr-FR\",\"potentialAction\":[{\"@type\":\"ReadAction\",\"target\":[\"https:\/\/www.deli-home.com\/de\/nachrichten\/\"]}]},{\"@type\":\"BreadcrumbList\",\"@id\":\"https:\/\/www.deli-home.com\/de\/nachrichten\/#breadcrumb\",\"itemListElement\":[{\"@type\":\"ListItem\",\"position\":1,\"name\":\"Home\",\"item\":\"https:\/\/www.deli-home.com\/en\/\"},{\"@type\":\"ListItem\",\"position\":2,\"name\":\"News\"}]},{\"@type\":\"WebSite\",\"@id\":\"https:\/\/www.deli-home.com\/en\/#website\",\"url\":\"https:\/\/www.deli-home.com\/en\/\",\"name\":\"Deli Home\",\"description\":\"\",\"publisher\":{\"@id\":\"https:\/\/www.deli-home.com\/en\/#organization\"},\"potentialAction\":[{\"@type\":\"SearchAction\",\"target\":{\"@type\":\"EntryPoint\",\"urlTemplate\":\"https:\/\/www.deli-home.com\/en\/?s={search_term_string}\"},\"query-input\":{\"@type\":\"PropertyValueSpecification\",\"valueRequired\":true,\"valueName\":\"search_term_string\"}}],\"inLanguage\":\"fr-FR\"},{\"@type\":\"Organization\",\"@id\":\"https:\/\/www.deli-home.com\/en\/#organization\",\"name\":\"Deli Home\",\"url\":\"https:\/\/www.deli-home.com\/en\/\",\"logo\":{\"@type\":\"ImageObject\",\"inLanguage\":\"fr-FR\",\"@id\":\"https:\/\/www.deli-home.com\/en\/#\/schema\/logo\/image\/\",\"url\":\"https:\/\/www.deli-home.com\/wp-content\/uploads\/2023\/09\/favicon.png\",\"contentUrl\":\"https:\/\/www.deli-home.com\/wp-content\/uploads\/2023\/09\/favicon.png\",\"width\":500,\"height\":500,\"caption\":\"Deli Home\"},\"image\":{\"@id\":\"https:\/\/www.deli-home.com\/en\/#\/schema\/logo\/image\/\"},\"sameAs\":[\"https:\/\/www.linkedin.com\/company\/deli-home\/\"]}]}<\/script>\n<!-- \/ Yoast SEO plugin. -->","yoast_head_json":{"title":"News - Deli Home","description":"Stay up to date with the latest news within Deli Home.","robots":{"index":"index","follow":"follow","max-snippet":"max-snippet:-1","max-image-preview":"max-image-preview:large","max-video-preview":"max-video-preview:-1"},"canonical":"https:\/\/www.jewe.eu\/fr\/wp-json\/wp\/v2\/pages\/34\/","og_locale":"fr_FR","og_type":"article","og_title":"News - Deli Home","og_description":"Stay up to date with the latest news within Deli Home.","og_url":"https:\/\/www.jewe.eu\/fr\/wp-json\/wp\/v2\/pages\/34\/","og_site_name":"Deli Home","article_modified_time":"2025-04-10T15:16:36+00:00","schema":{"@context":"https:\/\/schema.org","@graph":[{"@type":"WebPage","@id":"https:\/\/www.deli-home.com\/de\/nachrichten\/","url":"https:\/\/www.deli-home.com\/de\/nachrichten\/","name":"News - Deli Home","isPartOf":{"@id":"https:\/\/www.deli-home.com\/en\/#website"},"datePublished":"2023-07-18T10:21:44+00:00","dateModified":"2025-04-10T15:16:36+00:00","description":"Stay up to date with the latest news within Deli Home.","breadcrumb":{"@id":"https:\/\/www.deli-home.com\/de\/nachrichten\/#breadcrumb"},"inLanguage":"fr-FR","potentialAction":[{"@type":"ReadAction","target":["https:\/\/www.deli-home.com\/de\/nachrichten\/"]}]},{"@type":"BreadcrumbList","@id":"https:\/\/www.deli-home.com\/de\/nachrichten\/#breadcrumb","itemListElement":[{"@type":"ListItem","position":1,"name":"Home","item":"https:\/\/www.deli-home.com\/en\/"},{"@type":"ListItem","position":2,"name":"News"}]},{"@type":"WebSite","@id":"https:\/\/www.deli-home.com\/en\/#website","url":"https:\/\/www.deli-home.com\/en\/","name":"Deli Home","description":"","publisher":{"@id":"https:\/\/www.deli-home.com\/en\/#organization"},"potentialAction":[{"@type":"SearchAction","target":{"@type":"EntryPoint","urlTemplate":"https:\/\/www.deli-home.com\/en\/?s={search_term_string}"},"query-input":{"@type":"PropertyValueSpecification","valueRequired":true,"valueName":"search_term_string"}}],"inLanguage":"fr-FR"},{"@type":"Organization","@id":"https:\/\/www.deli-home.com\/en\/#organization","name":"Deli Home","url":"https:\/\/www.deli-home.com\/en\/","logo":{"@type":"ImageObject","inLanguage":"fr-FR","@id":"https:\/\/www.deli-home.com\/en\/#\/schema\/logo\/image\/","url":"https:\/\/www.deli-home.com\/wp-content\/uploads\/2023\/09\/favicon.png","contentUrl":"https:\/\/www.deli-home.com\/wp-content\/uploads\/2023\/09\/favicon.png","width":500,"height":500,"caption":"Deli Home"},"image":{"@id":"https:\/\/www.deli-home.com\/en\/#\/schema\/logo\/image\/"},"sameAs":["https:\/\/www.linkedin.com\/company\/deli-home\/"]}]}},"_links":{"self":[{"href":"https:\/\/www.jewe.eu\/fr\/wp-json\/wp\/v2\/pages\/34","targetHints":{"allow":["GET"]}}],"collection":[{"href":"https:\/\/www.jewe.eu\/fr\/wp-json\/wp\/v2\/pages"}],"about":[{"href":"https:\/\/www.jewe.eu\/fr\/wp-json\/wp\/v2\/types\/page"}],"author":[{"embeddable":true,"href":"https:\/\/www.jewe.eu\/fr\/wp-json\/wp\/v2\/users\/4"}],"replies":[{"embeddable":true,"href":"https:\/\/www.jewe.eu\/fr\/wp-json\/wp\/v2\/comments?post=34"}],"version-history":[{"count":24,"href":"https:\/\/www.jewe.eu\/fr\/wp-json\/wp\/v2\/pages\/34\/revisions"}],"predecessor-version":[{"id":6515,"href":"https:\/\/www.jewe.eu\/fr\/wp-json\/wp\/v2\/pages\/34\/revisions\/6515"}],"wp:attachment":[{"href":"https:\/\/www.jewe.eu\/fr\/wp-json\/wp\/v2\/media?parent=34"}],"curies":[{"name":"wp","href":"https:\/\/api.w.org\/{rel}","templated":true}]}}