{"id":4758,"date":"2023-09-13T11:36:37","date_gmt":"2023-09-13T11:36:37","guid":{"rendered":"https:\/\/www.deli-home.com\/privacy-policy-2\/"},"modified":"2026-02-12T13:37:24","modified_gmt":"2026-02-12T13:37:24","slug":"certification","status":"publish","type":"page","link":"https:\/\/www.jewe.eu\/fr\/attestation\/","title":{"rendered":"Certification"},"content":{"rendered":"<div class=\"wp-block-cover alignfull has-parallax\" style=\"min-height:700px;aspect-ratio:unset;\"><span aria-hidden=\"true\" class=\"wp-block-cover__background has-background-dim wp-block-cover__gradient-background has-background-gradient\" style=\"background:linear-gradient(90deg,rgba(2,19,45,0.8) 0%,rgba(2,19,45,0.5) 37%,rgba(2,19,45,0) 98%)\"><\/span><div class=\"wp-block-cover__image-background wp-image-6405 has-parallax\" style=\"background-position:50% 50%;background-image:url(https:\/\/www.deli-home.com\/wp-content\/uploads\/2024\/07\/shutterstock_2230518089-scaled.jpg)\"><\/div><div class=\"wp-block-cover__inner-container is-layout-flow wp-block-cover-is-layout-flow\">\n<div class=\"wp-block-group\"><div class=\"wp-block-group__inner-container is-layout-constrained wp-block-group-is-layout-constrained\">\n<div class=\"wp-block-columns is-layout-flex wp-container-core-columns-is-layout-1 wp-block-columns-is-layout-flex\">\n<div class=\"wp-block-column is-layout-flow wp-block-column-is-layout-flow\" style=\"flex-basis:50%\">\n<h1 class=\"wp-block-heading\">Certification<\/h1>\n\n\n\n<p class=\"has-text-align-left has-medium-font-size\">Sur cette page vous trouverez notre certification sous la forme de notre certificat FSC\u00ae, notre certificat PEFC et notre certificat ISO 9001:2015. Nous nous effor\u00e7ons d'utiliser du bois certifi\u00e9 \u00e0 100%.<\/p>\n<\/div>\n\n\n\n<div class=\"wp-block-column is-layout-flow wp-block-column-is-layout-flow\" style=\"flex-basis:50%\"><\/div>\n<\/div>\n<\/div><\/div>\n<\/div><\/div>\n\n\n\n<div class=\"wp-block-group\"><div class=\"wp-block-group__inner-container is-layout-constrained wp-block-group-is-layout-constrained\">\n<div class=\"wp-block-columns is-layout-flex wp-container-core-columns-is-layout-2 wp-block-columns-is-layout-flex\">\n<div class=\"wp-block-column is-layout-flow wp-block-column-is-layout-flow\"><div class=\"wp-block-image\">\n<figure class=\"aligncenter size-large is-resized\"><img loading=\"lazy\" decoding=\"async\" width=\"872\" height=\"1024\" src=\"https:\/\/www.deli-home.com\/wp-content\/uploads\/2023\/10\/FSC-872x1024.jpg\" alt=\"\" class=\"wp-image-4780\" style=\"width:126px;height:148px\" srcset=\"https:\/\/www.jewe.eu\/wp-content\/uploads\/2023\/10\/FSC-872x1024.jpg 872w, https:\/\/www.jewe.eu\/wp-content\/uploads\/2023\/10\/FSC-256x300.jpg 256w, https:\/\/www.jewe.eu\/wp-content\/uploads\/2023\/10\/FSC-768x902.jpg 768w, https:\/\/www.jewe.eu\/wp-content\/uploads\/2023\/10\/FSC-10x12.jpg 10w, https:\/\/www.jewe.eu\/wp-content\/uploads\/2023\/10\/FSC.jpg 1023w\" sizes=\"auto, (max-width: 872px) 100vw, 872px\" \/><\/figure><\/div>\n\n\n<div style=\"height:20px\" aria-hidden=\"true\" class=\"wp-block-spacer\"><\/div>\n\n\n\n<h3 class=\"wp-block-heading has-text-align-center\">FSC\u00ae Attestation<\/h3>\n\n\n\n<p class=\"has-text-align-center\">Chez Deli Home, notre engagement en faveur d'un approvisionnement durable en bois est illustr\u00e9 par notre certification FSC\u00ae (Forest Stewardship Council).<\/p>\n\n\n\n<div class=\"wp-block-buttons is-content-justification-center is-layout-flex wp-container-core-buttons-is-layout-1 wp-block-buttons-is-layout-flex\">\n<div class=\"wp-block-button is-style-outline is-style-outline--1\"><a class=\"wp-block-button__link wp-element-button\" href=\"https:\/\/www.deli-home.com\/wp-content\/uploads\/2023\/10\/NLFR_000000_CertificateFSC_Final-2.pdf\" target=\"_blank\" rel=\"noreferrer noopener\">Voir la certification FSC\u00ae<\/a><\/div>\n<\/div>\n<\/div>\n\n\n\n<div class=\"wp-block-column is-layout-flow wp-block-column-is-layout-flow\"><div class=\"wp-block-image\">\n<figure class=\"aligncenter size-full is-resized\"><img loading=\"lazy\" decoding=\"async\" width=\"732\" height=\"1011\" src=\"https:\/\/www.deli-home.com\/wp-content\/uploads\/2023\/10\/pefc-label-pefc30-31-031-deli-home-website.png\" alt=\"\" class=\"wp-image-5335\" style=\"width:124px;height:147px\" srcset=\"https:\/\/www.jewe.eu\/wp-content\/uploads\/2023\/10\/pefc-label-pefc30-31-031-deli-home-website.png 732w, https:\/\/www.jewe.eu\/wp-content\/uploads\/2023\/10\/pefc-label-pefc30-31-031-deli-home-website-217x300.png 217w, https:\/\/www.jewe.eu\/wp-content\/uploads\/2023\/10\/pefc-label-pefc30-31-031-deli-home-website-9x12.png 9w\" sizes=\"auto, (max-width: 732px) 100vw, 732px\" \/><\/figure><\/div>\n\n\n<div style=\"height:20px\" aria-hidden=\"true\" class=\"wp-block-spacer\"><\/div>\n\n\n\n<h3 class=\"wp-block-heading has-text-align-center\">PEFC Attestation<\/h3>\n\n\n\n<p class=\"has-text-align-center\">Notre engagement en faveur d\u2019une gestion responsable des for\u00eats se refl\u00e8te dans notre certification PEFC (Programme for the Endorsement of Forest Certification).<\/p>\n\n\n\n<div class=\"wp-block-buttons is-content-justification-center is-layout-flex wp-container-core-buttons-is-layout-2 wp-block-buttons-is-layout-flex\">\n<div class=\"wp-block-button is-style-outline is-style-outline--2\"><a class=\"wp-block-button__link wp-element-button\" href=\"https:\/\/www.deli-home.com\/wp-content\/uploads\/2023\/10\/NLFR_001315_CertificatePEFC_Final-2.pdf\" target=\"_blank\" rel=\"noreferrer noopener\">Voir la certification PEFC<\/a><\/div>\n<\/div>\n<\/div>\n\n\n\n<div class=\"wp-block-column is-layout-flow wp-block-column-is-layout-flow\"><div class=\"wp-block-image\">\n<figure class=\"aligncenter size-full is-resized\"><img loading=\"lazy\" decoding=\"async\" width=\"250\" height=\"250\" src=\"https:\/\/www.deli-home.com\/wp-content\/uploads\/2023\/10\/iso_9001.jpg\" alt=\"\" class=\"wp-image-4778\" style=\"width:140px;height:140px\" srcset=\"https:\/\/www.jewe.eu\/wp-content\/uploads\/2023\/10\/iso_9001.jpg 250w, https:\/\/www.jewe.eu\/wp-content\/uploads\/2023\/10\/iso_9001-150x150.jpg 150w, https:\/\/www.jewe.eu\/wp-content\/uploads\/2023\/10\/iso_9001-12x12.jpg 12w\" sizes=\"auto, (max-width: 250px) 100vw, 250px\" \/><\/figure><\/div>\n\n\n<div style=\"height:20px\" aria-hidden=\"true\" class=\"wp-block-spacer\"><\/div>\n\n\n\n<h3 class=\"wp-block-heading has-text-align-center\">ISO Attestation<\/h3>\n\n\n\n<p class=\"has-text-align-center\">La certification ISO 9001:2015 de Deli Home souligne notre engagement ind\u00e9fectible \u00e0 maintenir des normes de haute qualit\u00e9 dans tous nos processus et produits. <\/p>\n\n\n\n<div class=\"wp-block-buttons is-content-justification-center is-layout-flex wp-container-core-buttons-is-layout-3 wp-block-buttons-is-layout-flex\">\n<div class=\"wp-block-button is-style-outline is-style-outline--3\"><a class=\"wp-block-button__link wp-element-button\" href=\"https:\/\/www.deli-home.com\/wp-content\/uploads\/2025\/06\/30853-2ISO-9001-Certificaat-Deli-Home-Netherlands-B.V.-PDF.pdf\" target=\"_blank\" rel=\"noreferrer noopener\">Voir la certification ISO (NL)<\/a><\/div>\n\n\n\n<div class=\"wp-block-button is-style-outline is-style-outline--4\"><a class=\"wp-block-button__link wp-element-button\" href=\"https:\/\/www.deli-home.com\/wp-content\/uploads\/2025\/06\/30853-2ISO-9001-Certificaat-Deli-Home-Netherlands-B.V.-PDF-EN.pdf\" target=\"_blank\" rel=\"noreferrer noopener\">Voir la certification ISO (ENG)<\/a><\/div>\n<\/div>\n<\/div>\n<\/div>\n<\/div><\/div>\n\n\n\n<div style=\"height:100px\" aria-hidden=\"true\" class=\"wp-block-spacer\"><\/div>","protected":false},"excerpt":{"rendered":"<p>FSC\u00ae Certification At Deli Home, our commitment to sustainable wood sourcing is exemplified through our FSC\u00ae (Forest Stewardship Council) certification. PEFC Certification Our dedication to responsible forest management is reflected in our PEFC (Programme for the Endorsement of Forest Certification) certification. ISO Certification: Deli Home's ISO 9001:2015 certification underscores our unwavering commitment to maintaining high-quality [&hellip;]<\/p>","protected":false},"author":5,"featured_media":0,"parent":0,"menu_order":0,"comment_status":"closed","ping_status":"closed","template":"","meta":{"_acf_changed":false,"inline_featured_image":false,"footnotes":""},"class_list":["post-4758","page","type-page","status-publish","hentry"],"acf":[],"yoast_head":"<!-- This site is optimized with the Yoast SEO plugin v26.4 - https:\/\/yoast.com\/wordpress\/plugins\/seo\/ -->\n<title>Our FSC\u00ae, PEFC\u2122 and ISO 9001:2015 certificates - Deli Home<\/title>\n<meta name=\"description\" content=\"We aim for the use of 100% certified wood. Check out our certification in the form of our FSC\u00ae, PEFC\u2122, and ISO 9001:2015 certificates.\" \/>\n<meta name=\"robots\" content=\"index, follow, max-snippet:-1, max-image-preview:large, max-video-preview:-1\" \/>\n<link rel=\"canonical\" href=\"https:\/\/www.jewe.eu\/fr\/wp-json\/wp\/v2\/pages\/4758\/\" \/>\n<meta property=\"og:locale\" content=\"fr_FR\" \/>\n<meta property=\"og:type\" content=\"article\" \/>\n<meta property=\"og:title\" content=\"Our FSC\u00ae, PEFC\u2122 and ISO 9001:2015 certificates - Deli Home\" \/>\n<meta property=\"og:description\" content=\"We aim for the use of 100% certified wood. Check out our certification in the form of our FSC\u00ae, PEFC\u2122, and ISO 9001:2015 certificates.\" \/>\n<meta property=\"og:url\" content=\"https:\/\/www.jewe.eu\/fr\/wp-json\/wp\/v2\/pages\/4758\/\" \/>\n<meta property=\"og:site_name\" content=\"Deli Home\" \/>\n<meta property=\"article:modified_time\" content=\"2026-02-12T13:37:24+00:00\" \/>\n<meta property=\"og:image\" content=\"https:\/\/www.deli-home.com\/wp-content\/uploads\/2023\/10\/FSC-872x1024.jpg\" \/>\n<script type=\"application\/ld+json\" class=\"yoast-schema-graph\">{\"@context\":\"https:\/\/schema.org\",\"@graph\":[{\"@type\":\"WebPage\",\"@id\":\"https:\/\/www.homeprovy.pl\/fr\/attestation\/\",\"url\":\"https:\/\/www.homeprovy.pl\/fr\/attestation\/\",\"name\":\"Our FSC\u00ae, PEFC\u2122 and ISO 9001:2015 certificates - Deli Home\",\"isPartOf\":{\"@id\":\"https:\/\/www.deli-home.com\/en\/#website\"},\"primaryImageOfPage\":{\"@id\":\"https:\/\/www.homeprovy.pl\/fr\/attestation\/#primaryimage\"},\"image\":{\"@id\":\"https:\/\/www.homeprovy.pl\/fr\/attestation\/#primaryimage\"},\"thumbnailUrl\":\"https:\/\/www.deli-home.com\/wp-content\/uploads\/2023\/10\/FSC-872x1024.jpg\",\"datePublished\":\"2023-09-13T11:36:37+00:00\",\"dateModified\":\"2026-02-12T13:37:24+00:00\",\"description\":\"We aim for the use of 100% certified wood. Check out our certification in the form of our FSC\u00ae, PEFC\u2122, and ISO 9001:2015 certificates.\",\"breadcrumb\":{\"@id\":\"https:\/\/www.homeprovy.pl\/fr\/attestation\/#breadcrumb\"},\"inLanguage\":\"fr-FR\",\"potentialAction\":[{\"@type\":\"ReadAction\",\"target\":[\"https:\/\/www.homeprovy.pl\/fr\/attestation\/\"]}]},{\"@type\":\"ImageObject\",\"inLanguage\":\"fr-FR\",\"@id\":\"https:\/\/www.homeprovy.pl\/fr\/attestation\/#primaryimage\",\"url\":\"https:\/\/www.deli-home.com\/wp-content\/uploads\/2023\/10\/FSC-872x1024.jpg\",\"contentUrl\":\"https:\/\/www.deli-home.com\/wp-content\/uploads\/2023\/10\/FSC-872x1024.jpg\"},{\"@type\":\"BreadcrumbList\",\"@id\":\"https:\/\/www.homeprovy.pl\/fr\/attestation\/#breadcrumb\",\"itemListElement\":[{\"@type\":\"ListItem\",\"position\":1,\"name\":\"Home\",\"item\":\"https:\/\/www.deli-home.com\/en\/\"},{\"@type\":\"ListItem\",\"position\":2,\"name\":\"Certifications\"}]},{\"@type\":\"WebSite\",\"@id\":\"https:\/\/www.deli-home.com\/en\/#website\",\"url\":\"https:\/\/www.deli-home.com\/en\/\",\"name\":\"Deli Home\",\"description\":\"\",\"publisher\":{\"@id\":\"https:\/\/www.deli-home.com\/en\/#organization\"},\"potentialAction\":[{\"@type\":\"SearchAction\",\"target\":{\"@type\":\"EntryPoint\",\"urlTemplate\":\"https:\/\/www.deli-home.com\/en\/?s={search_term_string}\"},\"query-input\":{\"@type\":\"PropertyValueSpecification\",\"valueRequired\":true,\"valueName\":\"search_term_string\"}}],\"inLanguage\":\"fr-FR\"},{\"@type\":\"Organization\",\"@id\":\"https:\/\/www.deli-home.com\/en\/#organization\",\"name\":\"Deli Home\",\"url\":\"https:\/\/www.deli-home.com\/en\/\",\"logo\":{\"@type\":\"ImageObject\",\"inLanguage\":\"fr-FR\",\"@id\":\"https:\/\/www.deli-home.com\/en\/#\/schema\/logo\/image\/\",\"url\":\"https:\/\/www.deli-home.com\/wp-content\/uploads\/2023\/09\/favicon.png\",\"contentUrl\":\"https:\/\/www.deli-home.com\/wp-content\/uploads\/2023\/09\/favicon.png\",\"width\":500,\"height\":500,\"caption\":\"Deli Home\"},\"image\":{\"@id\":\"https:\/\/www.deli-home.com\/en\/#\/schema\/logo\/image\/\"},\"sameAs\":[\"https:\/\/www.linkedin.com\/company\/deli-home\/\"]}]}<\/script>\n<!-- \/ Yoast SEO plugin. -->","yoast_head_json":{"title":"Our FSC\u00ae, PEFC\u2122 and ISO 9001:2015 certificates - Deli Home","description":"We aim for the use of 100% certified wood. Check out our certification in the form of our FSC\u00ae, PEFC\u2122, and ISO 9001:2015 certificates.","robots":{"index":"index","follow":"follow","max-snippet":"max-snippet:-1","max-image-preview":"max-image-preview:large","max-video-preview":"max-video-preview:-1"},"canonical":"https:\/\/www.jewe.eu\/fr\/wp-json\/wp\/v2\/pages\/4758\/","og_locale":"fr_FR","og_type":"article","og_title":"Our FSC\u00ae, PEFC\u2122 and ISO 9001:2015 certificates - Deli Home","og_description":"We aim for the use of 100% certified wood. Check out our certification in the form of our FSC\u00ae, PEFC\u2122, and ISO 9001:2015 certificates.","og_url":"https:\/\/www.jewe.eu\/fr\/wp-json\/wp\/v2\/pages\/4758\/","og_site_name":"Deli Home","article_modified_time":"2026-02-12T13:37:24+00:00","og_image":[{"url":"https:\/\/www.deli-home.com\/wp-content\/uploads\/2023\/10\/FSC-872x1024.jpg","type":"","width":"","height":""}],"schema":{"@context":"https:\/\/schema.org","@graph":[{"@type":"WebPage","@id":"https:\/\/www.homeprovy.pl\/fr\/attestation\/","url":"https:\/\/www.homeprovy.pl\/fr\/attestation\/","name":"Our FSC\u00ae, PEFC\u2122 and ISO 9001:2015 certificates - Deli Home","isPartOf":{"@id":"https:\/\/www.deli-home.com\/en\/#website"},"primaryImageOfPage":{"@id":"https:\/\/www.homeprovy.pl\/fr\/attestation\/#primaryimage"},"image":{"@id":"https:\/\/www.homeprovy.pl\/fr\/attestation\/#primaryimage"},"thumbnailUrl":"https:\/\/www.deli-home.com\/wp-content\/uploads\/2023\/10\/FSC-872x1024.jpg","datePublished":"2023-09-13T11:36:37+00:00","dateModified":"2026-02-12T13:37:24+00:00","description":"We aim for the use of 100% certified wood. Check out our certification in the form of our FSC\u00ae, PEFC\u2122, and ISO 9001:2015 certificates.","breadcrumb":{"@id":"https:\/\/www.homeprovy.pl\/fr\/attestation\/#breadcrumb"},"inLanguage":"fr-FR","potentialAction":[{"@type":"ReadAction","target":["https:\/\/www.homeprovy.pl\/fr\/attestation\/"]}]},{"@type":"ImageObject","inLanguage":"fr-FR","@id":"https:\/\/www.homeprovy.pl\/fr\/attestation\/#primaryimage","url":"https:\/\/www.deli-home.com\/wp-content\/uploads\/2023\/10\/FSC-872x1024.jpg","contentUrl":"https:\/\/www.deli-home.com\/wp-content\/uploads\/2023\/10\/FSC-872x1024.jpg"},{"@type":"BreadcrumbList","@id":"https:\/\/www.homeprovy.pl\/fr\/attestation\/#breadcrumb","itemListElement":[{"@type":"ListItem","position":1,"name":"Home","item":"https:\/\/www.deli-home.com\/en\/"},{"@type":"ListItem","position":2,"name":"Certifications"}]},{"@type":"WebSite","@id":"https:\/\/www.deli-home.com\/en\/#website","url":"https:\/\/www.deli-home.com\/en\/","name":"Deli Home","description":"","publisher":{"@id":"https:\/\/www.deli-home.com\/en\/#organization"},"potentialAction":[{"@type":"SearchAction","target":{"@type":"EntryPoint","urlTemplate":"https:\/\/www.deli-home.com\/en\/?s={search_term_string}"},"query-input":{"@type":"PropertyValueSpecification","valueRequired":true,"valueName":"search_term_string"}}],"inLanguage":"fr-FR"},{"@type":"Organization","@id":"https:\/\/www.deli-home.com\/en\/#organization","name":"Deli Home","url":"https:\/\/www.deli-home.com\/en\/","logo":{"@type":"ImageObject","inLanguage":"fr-FR","@id":"https:\/\/www.deli-home.com\/en\/#\/schema\/logo\/image\/","url":"https:\/\/www.deli-home.com\/wp-content\/uploads\/2023\/09\/favicon.png","contentUrl":"https:\/\/www.deli-home.com\/wp-content\/uploads\/2023\/09\/favicon.png","width":500,"height":500,"caption":"Deli Home"},"image":{"@id":"https:\/\/www.deli-home.com\/en\/#\/schema\/logo\/image\/"},"sameAs":["https:\/\/www.linkedin.com\/company\/deli-home\/"]}]}},"_links":{"self":[{"href":"https:\/\/www.jewe.eu\/fr\/wp-json\/wp\/v2\/pages\/4758","targetHints":{"allow":["GET"]}}],"collection":[{"href":"https:\/\/www.jewe.eu\/fr\/wp-json\/wp\/v2\/pages"}],"about":[{"href":"https:\/\/www.jewe.eu\/fr\/wp-json\/wp\/v2\/types\/page"}],"author":[{"embeddable":true,"href":"https:\/\/www.jewe.eu\/fr\/wp-json\/wp\/v2\/users\/5"}],"replies":[{"embeddable":true,"href":"https:\/\/www.jewe.eu\/fr\/wp-json\/wp\/v2\/comments?post=4758"}],"version-history":[{"count":36,"href":"https:\/\/www.jewe.eu\/fr\/wp-json\/wp\/v2\/pages\/4758\/revisions"}],"predecessor-version":[{"id":7837,"href":"https:\/\/www.jewe.eu\/fr\/wp-json\/wp\/v2\/pages\/4758\/revisions\/7837"}],"wp:attachment":[{"href":"https:\/\/www.jewe.eu\/fr\/wp-json\/wp\/v2\/media?parent=4758"}],"curies":[{"name":"wp","href":"https:\/\/api.w.org\/{rel}","templated":true}]}}